{"id":13,"date":"2017-10-18T18:09:38","date_gmt":"2017-10-18T09:09:38","guid":{"rendered":"http:\/\/maruhachi-hirano.co.jp\/?page_id=13"},"modified":"2017-10-18T19:52:36","modified_gmt":"2017-10-18T10:52:36","slug":"%e3%81%8a%e5%95%8f%e3%81%84%e5%90%88%e3%82%8f%e3%81%9b","status":"publish","type":"page","link":"https:\/\/maruhachi-hirano.co.jp\/?page_id=13","title":{"rendered":"\u304a\u554f\u3044\u5408\u308f\u305b"},"content":{"rendered":"\n<div class=\"wpcf7 no-js\" id=\"wpcf7-f5-o1\" lang=\"ja\" dir=\"ltr\" data-wpcf7-id=\"5\">\n<div class=\"screen-reader-response\"><p role=\"status\" aria-live=\"polite\" aria-atomic=\"true\"><\/p> <ul><\/ul><\/div>\n<form action=\"\/index.php?rest_route=%2Fwp%2Fv2%2Fpages%2F13#wpcf7-f5-o1\" method=\"post\" class=\"wpcf7-form init\" aria-label=\"\u30b3\u30f3\u30bf\u30af\u30c8\u30d5\u30a9\u30fc\u30e0\" novalidate=\"novalidate\" data-status=\"init\">\n<fieldset class=\"hidden-fields-container\"><input type=\"hidden\" name=\"_wpcf7\" value=\"5\" \/><input type=\"hidden\" name=\"_wpcf7_version\" value=\"6.1.5\" \/><input type=\"hidden\" name=\"_wpcf7_locale\" value=\"ja\" \/><input type=\"hidden\" name=\"_wpcf7_unit_tag\" value=\"wpcf7-f5-o1\" \/><input type=\"hidden\" name=\"_wpcf7_container_post\" value=\"0\" \/><input type=\"hidden\" name=\"_wpcf7_posted_data_hash\" value=\"\" \/><input type=\"hidden\" name=\"_wpcf7_recaptcha_response\" value=\"\" \/>\n<\/fieldset>\n<table class=\"table table-bordered table-striped table-contactform7\">\n\t<tr>\n\t\t<th>\n\t\t\t<p><span class=\"required-contactform7\">\u5fc5\u9808<\/span><span class=\"title-contactform7\">\u304a\u540d\u524d<\/span>\n\t\t\t<\/p>\n\t\t<\/th>\n\t\t<td>\n\t\t\t<p><span class=\"wpcf7-form-control-wrap\" data-name=\"your-name\"><input size=\"40\" maxlength=\"400\" class=\"wpcf7-form-control wpcf7-text wpcf7-validates-as-required\" aria-required=\"true\" aria-invalid=\"false\" placeholder=\"\u4f8b\uff1a\u5e73\u91ce\u3000\u8358\u592a\u90ce\" value=\"\" type=\"text\" name=\"your-name\" \/><\/span>\n\t\t\t<\/p>\n\t\t<\/td>\n\t<\/tr>\n\t<tr>\n\t\t<th>\n\t\t\t<p><span class=\"required-contactform7\">\u5fc5\u9808<\/span><span class=\"title-contactform7\">\u30e1\u30fc\u30eb\u30a2\u30c9\u30ec\u30b9<\/span>\n\t\t\t<\/p>\n\t\t<\/th>\n\t\t<td>\n\t\t\t<p><span class=\"wpcf7-form-control-wrap\" data-name=\"your-email\"><input size=\"40\" maxlength=\"400\" class=\"wpcf7-form-control wpcf7-email wpcf7-validates-as-required wpcf7-text wpcf7-validates-as-email\" aria-required=\"true\" aria-invalid=\"false\" placeholder=\"\u4f8b\uff1a\u00d7\u00d7\u00d7@\u00d7\u00d7\u00d7.com\" value=\"\" type=\"email\" name=\"your-email\" \/><\/span>\n\t\t\t<\/p>\n\t\t<\/td>\n\t<\/tr>\n\t<tr>\n\t<\/tr>\n\t<tr>\n\t\t<th>\n\t\t\t<p><span class=\"required-contactform7\">\u5fc5\u9808<\/span><span class=\"title-contactform7\">\u3054\u4f4f\u6240<\/span>\n\t\t\t<\/p>\n\t\t<\/th>\n\t\t<td class=\"address-100\">\n\t\t\t<p><span class=\"wpcf7-form-control-wrap\" data-name=\"addr\"><input size=\"40\" maxlength=\"400\" class=\"wpcf7-form-control wpcf7-text wpcf7-validates-as-required\" id=\"addr\" aria-required=\"true\" aria-invalid=\"false\" placeholder=\"\u4f8b\uff1a\u3012430-0834\u3000\u9759\u5ca1\u770c\u6d5c\u677e\u5e02\u5357\u533a\u677e\u5cf6\u753a1968\" value=\"\" type=\"text\" name=\"addr\" \/><\/span>\n\t\t\t<\/p>\n\t\t<\/td>\n\t<\/tr>\n\t<tr>\n\t\t<th>\n\t\t\t<p><span class=\"required-contactform7\">\u5fc5\u9808<\/span><span class=\"title-contactform7\">\u304a\u96fb\u8a71\u756a\u53f7<\/span>\n\t\t\t<\/p>\n\t\t<\/th>\n\t\t<td>\n\t\t\t<p><span class=\"wpcf7-form-control-wrap\" data-name=\"text-17\"><input size=\"40\" maxlength=\"400\" class=\"wpcf7-form-control wpcf7-text wpcf7-validates-as-required\" aria-required=\"true\" aria-invalid=\"false\" placeholder=\"\u4f8b\uff1a053-425-0331\" value=\"\" type=\"text\" name=\"text-17\" \/><\/span>\n\t\t\t<\/p>\n\t\t<\/td>\n\t<\/tr>\n\t<tr>\n\t\t<th>\n\t\t\t<p><span class=\"required-contactform7\">\u5fc5\u9808<\/span><span class=\"title-contactform7\">\u30e1\u30c3\u30bb\u30fc\u30b8\u672c\u6587<\/span>\n\t\t\t<\/p>\n\t\t<\/th>\n\t\t<td class=\"message-100\">\n\t\t\t<p><span class=\"wpcf7-form-control-wrap\" data-name=\"your-message\"><textarea cols=\"40\" rows=\"10\" maxlength=\"2000\" class=\"wpcf7-form-control wpcf7-textarea wpcf7-validates-as-required\" aria-required=\"true\" aria-invalid=\"false\" placeholder=\"\u696d\u7a2e\u30fb\u76ee\u7684\u30fb\u7d19\u306e\u3053\u3068\u306b\u3064\u3044\u3066\u306a\u3069\" name=\"your-message\"><\/textarea><\/span>\n\t\t\t<\/p>\n\t\t<\/td>\n\t<\/tr>\n<\/table>\n<p>\n\n<\/p>\n<p class=\"text-xs-center\"><input class=\"wpcf7-form-control wpcf7-submit has-spinner btn btn-success btn-lg\" type=\"submit\" value=\"\u9001\u4fe1\u3059\u308b\" \/>\n<\/p><div class=\"wpcf7-response-output\" aria-hidden=\"true\"><\/div>\n<\/form>\n<\/div>\n\n","protected":false},"excerpt":{"rendered":"","protected":false},"author":1,"featured_media":0,"parent":0,"menu_order":0,"comment_status":"closed","ping_status":"closed","template":"","meta":{"_exactmetrics_skip_tracking":false,"_exactmetrics_sitenote_active":false,"_exactmetrics_sitenote_note":"","_exactmetrics_sitenote_category":0,"footnotes":""},"class_list":["post-13","page","type-page","status-publish","placeholder-for-hentry"],"aioseo_notices":[],"_links":{"self":[{"href":"https:\/\/maruhachi-hirano.co.jp\/index.php?rest_route=\/wp\/v2\/pages\/13","targetHints":{"allow":["GET"]}}],"collection":[{"href":"https:\/\/maruhachi-hirano.co.jp\/index.php?rest_route=\/wp\/v2\/pages"}],"about":[{"href":"https:\/\/maruhachi-hirano.co.jp\/index.php?rest_route=\/wp\/v2\/types\/page"}],"author":[{"embeddable":true,"href":"https:\/\/maruhachi-hirano.co.jp\/index.php?rest_route=\/wp\/v2\/users\/1"}],"replies":[{"embeddable":true,"href":"https:\/\/maruhachi-hirano.co.jp\/index.php?rest_route=%2Fwp%2Fv2%2Fcomments&post=13"}],"version-history":[{"count":2,"href":"https:\/\/maruhachi-hirano.co.jp\/index.php?rest_route=\/wp\/v2\/pages\/13\/revisions"}],"predecessor-version":[{"id":31,"href":"https:\/\/maruhachi-hirano.co.jp\/index.php?rest_route=\/wp\/v2\/pages\/13\/revisions\/31"}],"wp:attachment":[{"href":"https:\/\/maruhachi-hirano.co.jp\/index.php?rest_route=%2Fwp%2Fv2%2Fmedia&parent=13"}],"curies":[{"name":"wp","href":"https:\/\/api.w.org\/{rel}","templated":true}]}}